{"id":1228,"date":"2025-09-04T14:44:11","date_gmt":"2025-09-04T17:44:11","guid":{"rendered":"https:\/\/www.rochaopcoes.com.br\/investimentos\/?page_id=1228"},"modified":"2025-09-04T16:32:22","modified_gmt":"2025-09-04T19:32:22","slug":"politica-de-devolucao","status":"publish","type":"page","link":"https:\/\/www.rochaopcoes.com.br\/investimentos\/politica-de-devolucao\/","title":{"rendered":"Politica de Devolu\u00e7\u00e3o"},"content":{"rendered":"\t\t<div data-elementor-type=\"wp-page\" data-elementor-id=\"1228\" class=\"elementor elementor-1228\" data-elementor-post-type=\"page\">\n\t\t\t\t\t\t<section class=\"elementor-section elementor-top-section elementor-element elementor-element-73c96019 elementor-section-boxed elementor-section-height-default elementor-section-height-default\" data-id=\"73c96019\" data-element_type=\"section\" data-e-type=\"section\" data-settings=\"{&quot;background_background&quot;:&quot;classic&quot;,&quot;sticky&quot;:&quot;top&quot;,&quot;sticky_on&quot;:[&quot;desktop&quot;,&quot;tablet&quot;,&quot;mobile&quot;],&quot;sticky_offset&quot;:0,&quot;sticky_effects_offset&quot;:0,&quot;sticky_anchor_link_offset&quot;:0}\">\n\t\t\t\t\t\t<div class=\"elementor-container elementor-column-gap-default\">\n\t\t\t\t\t<div class=\"elementor-column elementor-col-100 elementor-top-column elementor-element elementor-element-1021eb53\" data-id=\"1021eb53\" data-element_type=\"column\" data-e-type=\"column\">\n\t\t\t<div class=\"elementor-widget-wrap elementor-element-populated\">\n\t\t\t\t\t\t<div class=\"elementor-element elementor-element-19c1a62b elementor-widget elementor-widget-image\" data-id=\"19c1a62b\" data-element_type=\"widget\" data-e-type=\"widget\" data-widget_type=\"image.default\">\n\t\t\t\t<div class=\"elementor-widget-container\">\n\t\t\t\t\t\t\t\t\t\t\t\t\t\t\t<img fetchpriority=\"high\" decoding=\"async\" width=\"440\" height=\"156\" src=\"https:\/\/www.rochaopcoes.com.br\/investimentos\/wp-content\/uploads\/2025\/08\/logo-rochaopcoes-curso-site.webp\" class=\"attachment-large size-large wp-image-808\" alt=\"\" srcset=\"https:\/\/www.rochaopcoes.com.br\/investimentos\/wp-content\/uploads\/2025\/08\/logo-rochaopcoes-curso-site.webp 440w, https:\/\/www.rochaopcoes.com.br\/investimentos\/wp-content\/uploads\/2025\/08\/logo-rochaopcoes-curso-site-300x106.webp 300w\" sizes=\"(max-width: 440px) 100vw, 440px\" \/>\t\t\t\t\t\t\t\t\t\t\t\t\t\t\t<\/div>\n\t\t\t\t<\/div>\n\t\t\t\t\t<\/div>\n\t\t<\/div>\n\t\t\t\t\t<\/div>\n\t\t<\/section>\n\t\t\t\t<section class=\"elementor-section elementor-top-section elementor-element elementor-element-0a9983c elementor-section-boxed elementor-section-height-default elementor-section-height-default\" data-id=\"0a9983c\" data-element_type=\"section\" data-e-type=\"section\">\n\t\t\t\t\t\t<div class=\"elementor-container elementor-column-gap-default\">\n\t\t\t\t\t<div class=\"elementor-column elementor-col-100 elementor-top-column elementor-element elementor-element-094348d\" data-id=\"094348d\" data-element_type=\"column\" data-e-type=\"column\">\n\t\t\t<div class=\"elementor-widget-wrap elementor-element-populated\">\n\t\t\t\t\t\t<div class=\"elementor-element elementor-element-0ede2cf elementor-widget elementor-widget-text-editor\" data-id=\"0ede2cf\" data-element_type=\"widget\" data-e-type=\"widget\" data-widget_type=\"text-editor.default\">\n\t\t\t\t<div class=\"elementor-widget-container\">\n\t\t\t\t\t\t\t\t\t<h3 data-pm-slice=\"1 1 []\"><span style=\"color: #000000;\">Pol\u00edtica de Devolu\u00e7\u00e3o e Reembolso<\/span><\/h3><p>Bem-vindo ao site <strong>rochaopcoes.com.br\/investimentos\/curso-roha-opcoes<\/strong>\u00a0<\/p><p data-start=\"659\" data-end=\"849\">Nosso compromisso \u00e9 oferecer a voc\u00ea a melhor experi\u00eancia de aprendizado com os cursos Rocha Op\u00e7\u00f5es. Por\u00e9m, entendemos que podem existir situa\u00e7\u00f5es em que o aluno deseje cancelar sua compra.<\/p><p data-start=\"851\" data-end=\"1030\">Conforme o C\u00f3digo de Defesa do Consumidor, o aluno tem o <strong data-start=\"908\" data-end=\"976\">direito de arrependimento no prazo de at\u00e9 7 (sete) dias corridos<\/strong> a contar da data da compra realizada pela internet.<\/p><p data-start=\"1032\" data-end=\"1152\">Nesse per\u00edodo, caso decida cancelar sua inscri\u00e7\u00e3o, o valor pago ser\u00e1 <strong data-start=\"1101\" data-end=\"1130\">reembolsado integralmente<\/strong>, sem qualquer \u00f4nus.<\/p><h3 data-start=\"1154\" data-end=\"1189\"><span style=\"color: #000000;\">Como solicitar o cancelamento<\/span><\/h3><ol data-start=\"1190\" data-end=\"1496\"><li data-start=\"1190\" data-end=\"1300\"><p data-start=\"1193\" data-end=\"1300\">Envie um e-mail para <a href=\"mailto:suporte@rochaopcoes.com.br\" target=\"_blank\" rel=\"noopener\">suporte@rochaopcoes.com.br<\/a> com o t\u00edtulo: <strong>\u201cSolicita\u00e7\u00e3o de Cancelamento e Reembolso\u201d.<\/strong><\/p><\/li><li data-start=\"1301\" data-end=\"1397\"><p data-start=\"1304\" data-end=\"1397\">Informe o <strong data-start=\"1314\" data-end=\"1331\">nome completo<\/strong>, <strong data-start=\"1333\" data-end=\"1363\">e-mail utilizado na compra<\/strong> e <strong data-start=\"1366\" data-end=\"1394\">comprovante de pagamento<\/strong>.<\/p><\/li><li data-start=\"1398\" data-end=\"1496\"><p data-start=\"1401\" data-end=\"1496\">Nossa equipe confirmar\u00e1 o recebimento e dar\u00e1 andamento \u00e0 solicita\u00e7\u00e3o em at\u00e9 <strong data-start=\"1477\" data-end=\"1493\">7 dias \u00fateis<\/strong>.<\/p><\/li><\/ol><h3 data-start=\"1498\" data-end=\"1527\"><span style=\"color: #000000;\">Observa\u00e7\u00f5es importantes<\/span><\/h3><ul data-start=\"1528\" data-end=\"1804\"><li data-start=\"1528\" data-end=\"1621\"><p data-start=\"1530\" data-end=\"1621\">O direito de arrependimento s\u00f3 \u00e9 v\u00e1lido dentro do prazo de 7 dias corridos ap\u00f3s a compra.<\/p><\/li><li data-start=\"1622\" data-end=\"1683\"><p data-start=\"1624\" data-end=\"1683\">Ap\u00f3s este per\u00edodo, n\u00e3o ser\u00e1 poss\u00edvel solicitar reembolso.<\/p><\/li><li data-start=\"1684\" data-end=\"1804\"><p data-start=\"1686\" data-end=\"1804\">O reembolso ser\u00e1 realizado utilizando o mesmo meio de pagamento escolhido na compra (ex.: cart\u00e3o de cr\u00e9dito ou PIX).<\/p><\/li><\/ul><p data-start=\"1806\" data-end=\"1913\">Nosso objetivo \u00e9 garantir transpar\u00eancia e respeito ao aluno, seguindo rigorosamente a legisla\u00e7\u00e3o vigente.<\/p>\t\t\t\t\t\t\t\t<\/div>\n\t\t\t\t<\/div>\n\t\t\t\t\t<\/div>\n\t\t<\/div>\n\t\t\t\t\t<\/div>\n\t\t<\/section>\n\t\t\t\t<section class=\"elementor-section elementor-top-section elementor-element elementor-element-6a192a4a elementor-section-boxed elementor-section-height-default elementor-section-height-default\" data-id=\"6a192a4a\" data-element_type=\"section\" data-e-type=\"section\" data-settings=\"{&quot;background_background&quot;:&quot;classic&quot;}\">\n\t\t\t\t\t\t<div class=\"elementor-container elementor-column-gap-default\">\n\t\t\t\t\t<div class=\"elementor-column elementor-col-33 elementor-top-column elementor-element elementor-element-110dff31\" data-id=\"110dff31\" data-element_type=\"column\" data-e-type=\"column\">\n\t\t\t<div class=\"elementor-widget-wrap elementor-element-populated\">\n\t\t\t\t\t\t<div class=\"elementor-element elementor-element-551e41cd elementor-widget elementor-widget-text-editor\" data-id=\"551e41cd\" data-element_type=\"widget\" data-e-type=\"widget\" data-widget_type=\"text-editor.default\">\n\t\t\t\t<div class=\"elementor-widget-container\">\n\t\t\t\t\t\t\t\t\t<p>\u00a9 Rocha Op\u00e7\u00f5es de Investimentos 2025\u00a0 \u00a0Todos direitos reservados<\/p>\t\t\t\t\t\t\t\t<\/div>\n\t\t\t\t<\/div>\n\t\t\t\t\t<\/div>\n\t\t<\/div>\n\t\t\t\t<div class=\"elementor-column elementor-col-33 elementor-top-column elementor-element elementor-element-48c21cd3\" data-id=\"48c21cd3\" data-element_type=\"column\" data-e-type=\"column\">\n\t\t\t<div class=\"elementor-widget-wrap elementor-element-populated\">\n\t\t\t\t\t\t<div class=\"elementor-element elementor-element-5fa5756c elementor-widget elementor-widget-text-editor\" data-id=\"5fa5756c\" data-element_type=\"widget\" data-e-type=\"widget\" data-widget_type=\"text-editor.default\">\n\t\t\t\t<div class=\"elementor-widget-container\">\n\t\t\t\t\t\t\t\t\t<p>By: S1000 \/ Saife<\/p>\t\t\t\t\t\t\t\t<\/div>\n\t\t\t\t<\/div>\n\t\t\t\t\t<\/div>\n\t\t<\/div>\n\t\t\t\t<div class=\"elementor-column elementor-col-33 elementor-top-column elementor-element elementor-element-790050ad\" data-id=\"790050ad\" data-element_type=\"column\" data-e-type=\"column\">\n\t\t\t<div class=\"elementor-widget-wrap elementor-element-populated\">\n\t\t\t\t\t\t<div class=\"elementor-element elementor-element-68f2543d elementor-view-stacked elementor-shape-square elementor-widget elementor-widget-icon\" data-id=\"68f2543d\" data-element_type=\"widget\" data-e-type=\"widget\" data-widget_type=\"icon.default\">\n\t\t\t\t<div class=\"elementor-widget-container\">\n\t\t\t\t\t\t\t<div class=\"elementor-icon-wrapper\">\n\t\t\t<a class=\"elementor-icon\" href=\"#top\">\n\t\t\t<i aria-hidden=\"true\" class=\"fas fa-arrow-up\"><\/i>\t\t\t<\/a>\n\t\t<\/div>\n\t\t\t\t\t\t<\/div>\n\t\t\t\t<\/div>\n\t\t\t\t\t<\/div>\n\t\t<\/div>\n\t\t\t\t\t<\/div>\n\t\t<\/section>\n\t\t\t\t<\/div>\n\t\t","protected":false},"excerpt":{"rendered":"<p>Pol\u00edtica de Devolu\u00e7\u00e3o e Reembolso Bem-vindo ao site rochaopcoes.com.br\/investimentos\/curso-roha-opcoes\u00a0 Nosso compromisso \u00e9 oferecer a voc\u00ea a melhor experi\u00eancia de aprendizado com os cursos Rocha Op\u00e7\u00f5es. Por\u00e9m, entendemos que podem existir situa\u00e7\u00f5es em que o aluno deseje cancelar sua compra. Conforme o C\u00f3digo de Defesa do Consumidor, o aluno tem o direito de arrependimento no prazo [&hellip;]<\/p>\n","protected":false},"author":1,"featured_media":842,"parent":0,"menu_order":0,"comment_status":"closed","ping_status":"closed","template":"","meta":{"_joinchat":[],"footnotes":""},"class_list":["post-1228","page","type-page","status-publish","has-post-thumbnail","hentry"],"yoast_head":"<!-- This site is optimized with the Yoast SEO plugin v27.4 - https:\/\/yoast.com\/product\/yoast-seo-wordpress\/ -->\n<title>Rocha Op\u00e7\u00f5es | Curso Op\u00e7\u00f5es | Pol\u00edtica Devolu\u00e7\u00e3o<\/title>\n<meta name=\"description\" content=\"Conforme Defesa do Consumidor, o aluno tem o direito de arrependimento no prazo de at\u00e9 7 (sete) dias corridos a contar da data da compra.\" \/>\n<meta name=\"robots\" content=\"index, follow, max-snippet:-1, max-image-preview:large, max-video-preview:-1\" \/>\n<link rel=\"canonical\" href=\"https:\/\/www.rochaopcoes.com.br\/investimentos\/politica-de-devolucao\/\" \/>\n<meta property=\"og:locale\" content=\"pt_BR\" \/>\n<meta property=\"og:type\" content=\"article\" \/>\n<meta property=\"og:title\" content=\"Rocha Op\u00e7\u00f5es | Curso Op\u00e7\u00f5es | Pol\u00edtica Devolu\u00e7\u00e3o\" \/>\n<meta property=\"og:description\" content=\"Conforme Defesa do Consumidor, o aluno tem o direito de arrependimento no prazo de at\u00e9 7 (sete) dias corridos a contar da data da compra.\" \/>\n<meta property=\"og:url\" content=\"https:\/\/www.rochaopcoes.com.br\/investimentos\/politica-de-devolucao\/\" \/>\n<meta property=\"article:modified_time\" content=\"2025-09-04T19:32:22+00:00\" \/>\n<meta property=\"og:image\" content=\"https:\/\/www.rochaopcoes.com.br\/investimentos\/wp-content\/uploads\/2025\/08\/tabelas-e-graficos-financeiros.webp\" \/>\n\t<meta property=\"og:image:width\" content=\"1800\" \/>\n\t<meta property=\"og:image:height\" content=\"1350\" \/>\n\t<meta property=\"og:image:type\" content=\"image\/webp\" \/>\n<meta name=\"twitter:card\" content=\"summary_large_image\" \/>\n<meta name=\"twitter:label1\" content=\"Est. tempo de leitura\" \/>\n\t<meta name=\"twitter:data1\" content=\"2 minutos\" \/>\n<script type=\"application\/ld+json\" class=\"yoast-schema-graph\">{\"@context\":\"https:\\\/\\\/schema.org\",\"@graph\":[{\"@type\":\"WebPage\",\"@id\":\"https:\\\/\\\/www.rochaopcoes.com.br\\\/investimentos\\\/politica-de-devolucao\\\/\",\"url\":\"https:\\\/\\\/www.rochaopcoes.com.br\\\/investimentos\\\/politica-de-devolucao\\\/\",\"name\":\"Rocha Op\u00e7\u00f5es | Curso Op\u00e7\u00f5es | Pol\u00edtica Devolu\u00e7\u00e3o\",\"isPartOf\":{\"@id\":\"https:\\\/\\\/www.rochaopcoes.com.br\\\/investimentos\\\/#website\"},\"primaryImageOfPage\":{\"@id\":\"https:\\\/\\\/www.rochaopcoes.com.br\\\/investimentos\\\/politica-de-devolucao\\\/#primaryimage\"},\"image\":{\"@id\":\"https:\\\/\\\/www.rochaopcoes.com.br\\\/investimentos\\\/politica-de-devolucao\\\/#primaryimage\"},\"thumbnailUrl\":\"https:\\\/\\\/www.rochaopcoes.com.br\\\/investimentos\\\/wp-content\\\/uploads\\\/2025\\\/08\\\/tabelas-e-graficos-financeiros.webp\",\"datePublished\":\"2025-09-04T17:44:11+00:00\",\"dateModified\":\"2025-09-04T19:32:22+00:00\",\"description\":\"Conforme Defesa do Consumidor, o aluno tem o direito de arrependimento no prazo de at\u00e9 7 (sete) dias corridos a contar da data da compra.\",\"breadcrumb\":{\"@id\":\"https:\\\/\\\/www.rochaopcoes.com.br\\\/investimentos\\\/politica-de-devolucao\\\/#breadcrumb\"},\"inLanguage\":\"pt-BR\",\"potentialAction\":[{\"@type\":\"ReadAction\",\"target\":[\"https:\\\/\\\/www.rochaopcoes.com.br\\\/investimentos\\\/politica-de-devolucao\\\/\"]}]},{\"@type\":\"ImageObject\",\"inLanguage\":\"pt-BR\",\"@id\":\"https:\\\/\\\/www.rochaopcoes.com.br\\\/investimentos\\\/politica-de-devolucao\\\/#primaryimage\",\"url\":\"https:\\\/\\\/www.rochaopcoes.com.br\\\/investimentos\\\/wp-content\\\/uploads\\\/2025\\\/08\\\/tabelas-e-graficos-financeiros.webp\",\"contentUrl\":\"https:\\\/\\\/www.rochaopcoes.com.br\\\/investimentos\\\/wp-content\\\/uploads\\\/2025\\\/08\\\/tabelas-e-graficos-financeiros.webp\",\"width\":1800,\"height\":1350},{\"@type\":\"BreadcrumbList\",\"@id\":\"https:\\\/\\\/www.rochaopcoes.com.br\\\/investimentos\\\/politica-de-devolucao\\\/#breadcrumb\",\"itemListElement\":[{\"@type\":\"ListItem\",\"position\":1,\"name\":\"In\u00edcio\",\"item\":\"https:\\\/\\\/www.rochaopcoes.com.br\\\/investimentos\\\/\"},{\"@type\":\"ListItem\",\"position\":2,\"name\":\"Politica de Devolu\u00e7\u00e3o\"}]},{\"@type\":\"WebSite\",\"@id\":\"https:\\\/\\\/www.rochaopcoes.com.br\\\/investimentos\\\/#website\",\"url\":\"https:\\\/\\\/www.rochaopcoes.com.br\\\/investimentos\\\/\",\"name\":\"\",\"description\":\"\",\"potentialAction\":[{\"@type\":\"SearchAction\",\"target\":{\"@type\":\"EntryPoint\",\"urlTemplate\":\"https:\\\/\\\/www.rochaopcoes.com.br\\\/investimentos\\\/?s={search_term_string}\"},\"query-input\":{\"@type\":\"PropertyValueSpecification\",\"valueRequired\":true,\"valueName\":\"search_term_string\"}}],\"inLanguage\":\"pt-BR\"}]}<\/script>\n<!-- \/ Yoast SEO plugin. -->","yoast_head_json":{"title":"Rocha Op\u00e7\u00f5es | Curso Op\u00e7\u00f5es | Pol\u00edtica Devolu\u00e7\u00e3o","description":"Conforme Defesa do Consumidor, o aluno tem o direito de arrependimento no prazo de at\u00e9 7 (sete) dias corridos a contar da data da compra.","robots":{"index":"index","follow":"follow","max-snippet":"max-snippet:-1","max-image-preview":"max-image-preview:large","max-video-preview":"max-video-preview:-1"},"canonical":"https:\/\/www.rochaopcoes.com.br\/investimentos\/politica-de-devolucao\/","og_locale":"pt_BR","og_type":"article","og_title":"Rocha Op\u00e7\u00f5es | Curso Op\u00e7\u00f5es | Pol\u00edtica Devolu\u00e7\u00e3o","og_description":"Conforme Defesa do Consumidor, o aluno tem o direito de arrependimento no prazo de at\u00e9 7 (sete) dias corridos a contar da data da compra.","og_url":"https:\/\/www.rochaopcoes.com.br\/investimentos\/politica-de-devolucao\/","article_modified_time":"2025-09-04T19:32:22+00:00","og_image":[{"width":1800,"height":1350,"url":"https:\/\/www.rochaopcoes.com.br\/investimentos\/wp-content\/uploads\/2025\/08\/tabelas-e-graficos-financeiros.webp","type":"image\/webp"}],"twitter_card":"summary_large_image","twitter_misc":{"Est. tempo de leitura":"2 minutos"},"schema":{"@context":"https:\/\/schema.org","@graph":[{"@type":"WebPage","@id":"https:\/\/www.rochaopcoes.com.br\/investimentos\/politica-de-devolucao\/","url":"https:\/\/www.rochaopcoes.com.br\/investimentos\/politica-de-devolucao\/","name":"Rocha Op\u00e7\u00f5es | Curso Op\u00e7\u00f5es | Pol\u00edtica Devolu\u00e7\u00e3o","isPartOf":{"@id":"https:\/\/www.rochaopcoes.com.br\/investimentos\/#website"},"primaryImageOfPage":{"@id":"https:\/\/www.rochaopcoes.com.br\/investimentos\/politica-de-devolucao\/#primaryimage"},"image":{"@id":"https:\/\/www.rochaopcoes.com.br\/investimentos\/politica-de-devolucao\/#primaryimage"},"thumbnailUrl":"https:\/\/www.rochaopcoes.com.br\/investimentos\/wp-content\/uploads\/2025\/08\/tabelas-e-graficos-financeiros.webp","datePublished":"2025-09-04T17:44:11+00:00","dateModified":"2025-09-04T19:32:22+00:00","description":"Conforme Defesa do Consumidor, o aluno tem o direito de arrependimento no prazo de at\u00e9 7 (sete) dias corridos a contar da data da compra.","breadcrumb":{"@id":"https:\/\/www.rochaopcoes.com.br\/investimentos\/politica-de-devolucao\/#breadcrumb"},"inLanguage":"pt-BR","potentialAction":[{"@type":"ReadAction","target":["https:\/\/www.rochaopcoes.com.br\/investimentos\/politica-de-devolucao\/"]}]},{"@type":"ImageObject","inLanguage":"pt-BR","@id":"https:\/\/www.rochaopcoes.com.br\/investimentos\/politica-de-devolucao\/#primaryimage","url":"https:\/\/www.rochaopcoes.com.br\/investimentos\/wp-content\/uploads\/2025\/08\/tabelas-e-graficos-financeiros.webp","contentUrl":"https:\/\/www.rochaopcoes.com.br\/investimentos\/wp-content\/uploads\/2025\/08\/tabelas-e-graficos-financeiros.webp","width":1800,"height":1350},{"@type":"BreadcrumbList","@id":"https:\/\/www.rochaopcoes.com.br\/investimentos\/politica-de-devolucao\/#breadcrumb","itemListElement":[{"@type":"ListItem","position":1,"name":"In\u00edcio","item":"https:\/\/www.rochaopcoes.com.br\/investimentos\/"},{"@type":"ListItem","position":2,"name":"Politica de Devolu\u00e7\u00e3o"}]},{"@type":"WebSite","@id":"https:\/\/www.rochaopcoes.com.br\/investimentos\/#website","url":"https:\/\/www.rochaopcoes.com.br\/investimentos\/","name":"","description":"","potentialAction":[{"@type":"SearchAction","target":{"@type":"EntryPoint","urlTemplate":"https:\/\/www.rochaopcoes.com.br\/investimentos\/?s={search_term_string}"},"query-input":{"@type":"PropertyValueSpecification","valueRequired":true,"valueName":"search_term_string"}}],"inLanguage":"pt-BR"}]}},"_links":{"self":[{"href":"https:\/\/www.rochaopcoes.com.br\/investimentos\/wp-json\/wp\/v2\/pages\/1228","targetHints":{"allow":["GET"]}}],"collection":[{"href":"https:\/\/www.rochaopcoes.com.br\/investimentos\/wp-json\/wp\/v2\/pages"}],"about":[{"href":"https:\/\/www.rochaopcoes.com.br\/investimentos\/wp-json\/wp\/v2\/types\/page"}],"author":[{"embeddable":true,"href":"https:\/\/www.rochaopcoes.com.br\/investimentos\/wp-json\/wp\/v2\/users\/1"}],"replies":[{"embeddable":true,"href":"https:\/\/www.rochaopcoes.com.br\/investimentos\/wp-json\/wp\/v2\/comments?post=1228"}],"version-history":[{"count":13,"href":"https:\/\/www.rochaopcoes.com.br\/investimentos\/wp-json\/wp\/v2\/pages\/1228\/revisions"}],"predecessor-version":[{"id":1243,"href":"https:\/\/www.rochaopcoes.com.br\/investimentos\/wp-json\/wp\/v2\/pages\/1228\/revisions\/1243"}],"wp:featuredmedia":[{"embeddable":true,"href":"https:\/\/www.rochaopcoes.com.br\/investimentos\/wp-json\/wp\/v2\/media\/842"}],"wp:attachment":[{"href":"https:\/\/www.rochaopcoes.com.br\/investimentos\/wp-json\/wp\/v2\/media?parent=1228"}],"curies":[{"name":"wp","href":"https:\/\/api.w.org\/{rel}","templated":true}]}}